{"id":12,"date":"2021-04-15T21:16:18","date_gmt":"2021-04-15T21:16:18","guid":{"rendered":"http:\/\/integralaw.com.sv\/site\/?page_id=12"},"modified":"2021-08-14T03:27:07","modified_gmt":"2021-08-14T03:27:07","slug":"contacto","status":"publish","type":"page","link":"https:\/\/integralaw.com.sv\/site\/contacto\/","title":{"rendered":"CONTACTO"},"content":{"rendered":"<h1>&nbsp;<\/h1>\n<h1 style=\"text-align: center\"><strong>CONTACTANOS<\/strong><\/h1>\n<p><img decoding=\"async\" loading=\"lazy\" class=\"alignnone size-full wp-image-498 aligncenter\" src=\"http:\/\/integralaw.com.sv\/site\/wp-content\/uploads\/2021\/05\/separador8.png\" alt=\"\" width=\"153\" height=\"15\" srcset=\"https:\/\/integralaw.com.sv\/site\/wp-content\/uploads\/2021\/05\/separador8.png 153w, https:\/\/integralaw.com.sv\/site\/wp-content\/uploads\/2021\/05\/separador8-150x15.png 150w\" sizes=\"(max-width: 153px) 100vw, 153px\" \/><\/p>\n\n\n<div class=\"is-layout-flex wp-container-3 wp-block-columns\">\n<div class=\"is-layout-flow wp-block-column\">\n<p>Integra Law es una firma dedicada a la prestaci\u00f3n de servicios legales corporativos.<\/p>\n\n\n\n<p><strong>Correo electr\u00f3nico <\/strong><\/p>\n\n\n\n<p><img decoding=\"async\" loading=\"lazy\" class=\"alignnone size-full wp-image-517\" src=\"http:\/\/integralaw.com.sv\/site\/wp-content\/uploads\/2021\/05\/email-abogados-el-salvador-3.png\" alt=\"\" width=\"300\" height=\"40\"><\/p>\n\n\n\n<p><strong>Tel\u00e9fonos<\/strong>:<\/p>\n\n\n\n<p>Tel.: (+503)  7896 4807<br>Fax: (+503)  2509 0801<\/p>\n\n\n\n<p><strong>Direcci\u00f3n:<\/strong><\/p>\n\n\n\n<p>89 av. Norte y calle mirador, Edificio World Trade Center, torre 1, segundo nivel, local 201A<\/p>\n\n\n\n<p><\/p>\n<\/div>\n\n\n\n<div class=\"is-layout-flow wp-block-column\">\n<p>Por favor introduzca su pregunta en el espacio de abajo, y estaremos brind\u00e1ndole una respuesta<\/p>\n\n\n\n<div class=\"wp-block-contact-form-7-contact-form-selector\">\n<div class=\"wpcf7 no-js\" id=\"wpcf7-f321-o1\" lang=\"es-ES\" dir=\"ltr\">\n<div class=\"screen-reader-response\"><p role=\"status\" aria-live=\"polite\" aria-atomic=\"true\"><\/p> <ul><\/ul><\/div>\n<form action=\"\/site\/wp-json\/wp\/v2\/pages\/12#wpcf7-f321-o1\" method=\"post\" class=\"wpcf7-form init\" aria-label=\"Formulario de contacto\" novalidate=\"novalidate\" data-status=\"init\">\n<div style=\"display: none;\">\n<input type=\"hidden\" name=\"_wpcf7\" value=\"321\" \/>\n<input type=\"hidden\" name=\"_wpcf7_version\" value=\"5.7.7\" \/>\n<input type=\"hidden\" name=\"_wpcf7_locale\" value=\"es_ES\" \/>\n<input type=\"hidden\" name=\"_wpcf7_unit_tag\" value=\"wpcf7-f321-o1\" \/>\n<input type=\"hidden\" name=\"_wpcf7_container_post\" value=\"0\" \/>\n<input type=\"hidden\" name=\"_wpcf7_posted_data_hash\" value=\"\" \/>\n<input type=\"hidden\" name=\"_wpcf7_recaptcha_response\" value=\"\" \/>\n<\/div>\n<p><label> Tu nombre<br \/>\n<span class=\"wpcf7-form-control-wrap\" data-name=\"your-name\"><input size=\"40\" class=\"wpcf7-form-control wpcf7-text wpcf7-validates-as-required\" aria-required=\"true\" aria-invalid=\"false\" value=\"\" type=\"text\" name=\"your-name\" \/><\/span> <\/label>\n<\/p>\n<p><label> Tu correo electr\u00f3nico<br \/>\n<span class=\"wpcf7-form-control-wrap\" data-name=\"your-email\"><input size=\"40\" class=\"wpcf7-form-control wpcf7-text wpcf7-email wpcf7-validates-as-required wpcf7-validates-as-email\" aria-required=\"true\" aria-invalid=\"false\" value=\"\" type=\"email\" name=\"your-email\" \/><\/span> <\/label>\n<\/p>\n<p><label> Asunto<br \/>\n<span class=\"wpcf7-form-control-wrap\" data-name=\"your-subject\"><input size=\"40\" class=\"wpcf7-form-control wpcf7-text wpcf7-validates-as-required\" aria-required=\"true\" aria-invalid=\"false\" value=\"\" type=\"text\" name=\"your-subject\" \/><\/span> <\/label>\n<\/p>\n<p><label> Tu mensaje (opcional)<br \/>\n<span class=\"wpcf7-form-control-wrap\" data-name=\"your-message\"><textarea cols=\"40\" rows=\"10\" class=\"wpcf7-form-control wpcf7-textarea\" aria-invalid=\"false\" name=\"your-message\"><\/textarea><\/span> <\/label>\n<\/p>\n<p><input class=\"wpcf7-form-control has-spinner wpcf7-submit\" type=\"submit\" value=\"Enviar\" \/>\n<\/p><div class=\"wpcf7-response-output\" aria-hidden=\"true\"><\/div>\n<\/form>\n<\/div>\n<\/div>\n<\/div>\n<\/div>\n","protected":false},"excerpt":{"rendered":"<p>&nbsp; CONTACTANOS Integra Law es una firma dedicada a la prestaci\u00f3n de servicios legales corporativos. Correo electr\u00f3nico Tel\u00e9fonos: Tel.: (+503) 7896 4807Fax: (+503) 2509 0801 Direcci\u00f3n: 89 av. Norte y calle mirador, Edificio World Trade Center, torre 1, segundo nivel,<\/p>\n","protected":false},"author":1,"featured_media":0,"parent":0,"menu_order":0,"comment_status":"closed","ping_status":"closed","template":"","meta":[],"_links":{"self":[{"href":"https:\/\/integralaw.com.sv\/site\/wp-json\/wp\/v2\/pages\/12"}],"collection":[{"href":"https:\/\/integralaw.com.sv\/site\/wp-json\/wp\/v2\/pages"}],"about":[{"href":"https:\/\/integralaw.com.sv\/site\/wp-json\/wp\/v2\/types\/page"}],"author":[{"embeddable":true,"href":"https:\/\/integralaw.com.sv\/site\/wp-json\/wp\/v2\/users\/1"}],"replies":[{"embeddable":true,"href":"https:\/\/integralaw.com.sv\/site\/wp-json\/wp\/v2\/comments?post=12"}],"version-history":[{"count":22,"href":"https:\/\/integralaw.com.sv\/site\/wp-json\/wp\/v2\/pages\/12\/revisions"}],"predecessor-version":[{"id":716,"href":"https:\/\/integralaw.com.sv\/site\/wp-json\/wp\/v2\/pages\/12\/revisions\/716"}],"wp:attachment":[{"href":"https:\/\/integralaw.com.sv\/site\/wp-json\/wp\/v2\/media?parent=12"}],"curies":[{"name":"wp","href":"https:\/\/api.w.org\/{rel}","templated":true}]}}